{"id":10,"date":"2018-05-23T20:21:07","date_gmt":"2018-05-23T20:21:07","guid":{"rendered":"http:\/\/musikstudio-brinkum.de\/?page_id=10"},"modified":"2025-09-08T08:55:34","modified_gmt":"2025-09-08T08:55:34","slug":"das-kleingedruckte","status":"publish","type":"page","link":"https:\/\/musikstudio-brinkum.de\/?page_id=10","title":{"rendered":"AGB und Preise"},"content":{"rendered":"\n<p>g\u00fcltig ab August 2025<\/p>\n\n\n\n<p>Allgemein gilt: Unterrichtstage und -zeiten, Gruppengr\u00f6\u00dfen usw, werden von der Musikschule festgelegt. Es gibt f\u00fcr alle Kurse eine Mindestanzahl an teilnehmenden Kindern, wird diese nicht (mehr) erreicht, k\u00f6nnen Gruppen zusammengelegt oder ganz geschlossen werden. Es besteht kein Anspruch auf einen Platz in einer anderen Gruppe, wenn seitens der Musikschule ein Kurs geschlossen wird.<\/p>\n\n\n\n<header class=\"entry-header\"><\/header>\n\n\n\n\n\n<p><\/p>\n\n\n\n<p><strong>Eltern-Kind-Kurse (Piepm\u00e4tze, Musifanten)<\/strong><\/p>\n\n\n\n<p>Kursleitung: Kati Breuer<\/p>\n\n\n\n<p>Unser Schuljahr geht vom&nbsp;<strong>1.8.- 31.7. des Folgejahres.<\/strong>&nbsp;Die Eltern-Kind-Kurse k\u00f6nnen jeweils&nbsp;<strong>zum 30.11<\/strong>. oder zum<strong>&nbsp;31.3.<\/strong>&nbsp;mit einer Frist von 4 Wochen<strong>&nbsp;gek\u00fcndigt&nbsp;<\/strong>werden, zum&nbsp;<strong>31.7. enden<\/strong>&nbsp;sie<strong>&nbsp;automatisch<\/strong>. Die Unterrichtsgeb\u00fchr versteht sich als Jahresgeb\u00fchr, die unabh\u00e4ngig von Ferien und Feiertagen in 11 gleichen Raten von&nbsp;<strong>35,- Euro<\/strong>&nbsp;jeweils zur Monatsmitte per Lastschrift eingezogen wird. Der letzte Monat des Schuljahres ist beitragsfrei. Die Entgelte werden bis zum festgesetzten K\u00fcndigungstermin auch dann erhoben, wenn der Sch\u00fcler den angebotenen Unterricht nicht mehr wahrnimmt. Eine zeitlich r\u00fcckwirkende K\u00fcndigung ist ausgeschlossen.<\/p>\n\n\n\n<p>In den nieders\u00e4chsischen&nbsp;<strong>Schulferien&nbsp;<\/strong>und an Feiertagen finden keine Musikstunden statt.<\/p>\n\n\n\n<p>Die erste Stunde in der neuen Gruppe gilt als Schnuppertermin, wer sich danach gegen den Kurs entscheidet, sagt m\u00f6glichst schnell Bescheid, damit ein Kind von der Warteliste nachr\u00fccken kann. In diesem Fall wird f\u00fcr die eine Stunde keine Geb\u00fchr erhoben.<\/p>\n\n\n\n<p>Geschwisterkinder unter einem Jahr d\u00fcrfen jederzeit mitgebracht werden, \u00e4ltere Kinder k\u00f6nnen&nbsp;<strong>nach Absprache<\/strong>&nbsp;und&nbsp;<strong>in Ausnahmef\u00e4llen<\/strong>&nbsp;an der Stunde teilnehmen. Nimmt ein Geschwisterkind, das \u00e4lter als 12 Monate ist, regelm\u00e4\u00dfig an der Musikstunde teil, so muss es ebenfalls angemeldet werden und zahlt die halbe Kursgeb\u00fchr.<\/p>\n\n\n\n<p><strong>Ausfallregelung<\/strong><\/p>\n\n\n\n<p>F\u00fcr den Fall, dass die Musikstunde&nbsp;<strong><em>wegen Krankheit<\/em><\/strong>&nbsp;der Kursleitung&nbsp;<strong><em>\u00f6fter als zweimal j\u00e4hrlich<\/em><\/strong>&nbsp;ausfallen muss, wird die Geb\u00fchr f\u00fcr die \u00fcber zwei Stunden hinaus ausgefallenen Stunden erstattet. F\u00e4llt der Unterricht aus anderen Gr\u00fcnden (z.B. Fortbildung) aus, wird die Stunde nach Absprache nachgeholt oder erstattet. Stunden, die durch Verschulden der Teilnehmer ausfallen, werden nicht nachgeholt oder verg\u00fctet.<\/p>\n\n\n\n<p>Erfahrungsgem\u00e4\u00df kommt es in der Erk\u00e4ltungszeit und bei gro\u00dfer Hitze manchmal zu geh\u00e4uften Absagen f\u00fcr die einzelnen Stunden. Sollten so viele Kinder absagen, dass nur noch drei \u00fcbrigbleiben, so f\u00e4llt die Stunde aus und die Kinder, die gekommen w\u00e4ren, d\u00fcrfen zu Besuch in eine andere Gruppe gehen.<\/p>\n\n\n\n<p><strong>Musimo, YogaMotorik\u00ae<\/strong><\/p>\n\n\n\n<p>Kursleitung: Tessa Breuer<\/p>\n\n\n\n<p>Unser Schuljahr geht vom&nbsp;<strong>1.8.- 31.7.<\/strong>&nbsp;des Folgejahres. Der erste Monat gilt als (kostenpflichtige)&nbsp;<strong>Probezeit,<\/strong>&nbsp;w\u00e4hrend der ohne Angabe von Gr\u00fcnden zum Monatsende gek\u00fcndigt werden kann. Danach greift die regul\u00e4re&nbsp;<strong>K\u00fcndigungsregelung<\/strong>, nach der zum Ende des Jahres&nbsp;<strong>(31.12.)<\/strong>&nbsp;mit einer Frist von 4 Wochen<strong>&nbsp;gek\u00fcndigt<\/strong>&nbsp;werden kann, zum&nbsp;<strong>31.7<\/strong>. endet der Kurs&nbsp;<strong>automatisch<\/strong>.<\/p>\n\n\n\n<p>Die Unterrichtsgeb\u00fchr versteht sich als Jahresgeb\u00fchr, die unabh\u00e4ngig von Ferien und Feiertagen in 11 gleichen Raten von<strong>&nbsp;35,- Euro<\/strong>&nbsp;jeweils zur Monatsmitte per Lastschrift eingezogen wird. Der letzte Monat des Schuljahres ist beitragsfrei. Die Entgelte werden bis zum festgesetzten K\u00fcndigungstermin auch dann erhoben, wenn der Sch\u00fcler den angebotenen Unterricht nicht mehr wahrnimmt. Eine zeitlich r\u00fcckwirkende K\u00fcndigung ist ausgeschlossen.<\/p>\n\n\n\n<p>In den nieders\u00e4chsischen&nbsp;<strong>Schulferien&nbsp;<\/strong>und an Feiertagen finden keine Musikstunden statt.<\/p>\n\n\n\n<p><strong>Ausfallregelung<\/strong><\/p>\n\n\n\n<p>F\u00fcr den Fall, dass die Musikstunde&nbsp;<strong><em>wegen Krankheit<\/em><\/strong>&nbsp;der Kursleitung&nbsp;<strong><em>\u00f6fter als zweimal j\u00e4hrlich<\/em><\/strong>&nbsp;ausfallen muss, wird die Geb\u00fchr f\u00fcr die \u00fcber zwei Stunden hinaus ausgefallenen Stunden erstattet. F\u00e4llt der Unterricht aus anderen Gr\u00fcnden (z.B. Fortbildung) aus, wird die Stunde nach Absprache nachgeholt oder erstattet. Stunden, die durch Verschulden der Teilnehmer ausfallen, werden nicht nachgeholt oder verg\u00fctet.<\/p>\n","protected":false},"excerpt":{"rendered":"<p>g\u00fcltig ab August 2025 Allgemein gilt: Unterrichtstage und -zeiten, Gruppengr\u00f6\u00dfen usw, werden von der Musikschule festgelegt. Es gibt f\u00fcr alle Kurse eine Mindestanzahl an teilnehmenden Kindern, wird diese nicht (mehr) erreicht, k\u00f6nnen Gruppen zusammengelegt oder ganz geschlossen werden. Es besteht kein Anspruch auf einen Platz in einer anderen Gruppe, wenn seitens der Musikschule ein Kurs [&hellip;]<\/p>\n","protected":false},"author":1,"featured_media":0,"parent":0,"menu_order":50,"comment_status":"closed","ping_status":"closed","template":"","meta":{"footnotes":""},"class_list":["post-10","page","type-page","status-publish","hentry","post-preview"],"_links":{"self":[{"href":"https:\/\/musikstudio-brinkum.de\/index.php?rest_route=\/wp\/v2\/pages\/10"}],"collection":[{"href":"https:\/\/musikstudio-brinkum.de\/index.php?rest_route=\/wp\/v2\/pages"}],"about":[{"href":"https:\/\/musikstudio-brinkum.de\/index.php?rest_route=\/wp\/v2\/types\/page"}],"author":[{"embeddable":true,"href":"https:\/\/musikstudio-brinkum.de\/index.php?rest_route=\/wp\/v2\/users\/1"}],"replies":[{"embeddable":true,"href":"https:\/\/musikstudio-brinkum.de\/index.php?rest_route=%2Fwp%2Fv2%2Fcomments&post=10"}],"version-history":[{"count":28,"href":"https:\/\/musikstudio-brinkum.de\/index.php?rest_route=\/wp\/v2\/pages\/10\/revisions"}],"predecessor-version":[{"id":798,"href":"https:\/\/musikstudio-brinkum.de\/index.php?rest_route=\/wp\/v2\/pages\/10\/revisions\/798"}],"wp:attachment":[{"href":"https:\/\/musikstudio-brinkum.de\/index.php?rest_route=%2Fwp%2Fv2%2Fmedia&parent=10"}],"curies":[{"name":"wp","href":"https:\/\/api.w.org\/{rel}","templated":true}]}}