{"id":12,"date":"2018-05-23T20:21:27","date_gmt":"2018-05-23T20:21:27","guid":{"rendered":"http:\/\/musikstudio-brinkum.de\/?page_id=12"},"modified":"2026-01-26T09:51:41","modified_gmt":"2026-01-26T09:51:41","slug":"impressum","status":"publish","type":"page","link":"https:\/\/musikstudio-brinkum.de\/?page_id=12","title":{"rendered":"Impressum"},"content":{"rendered":"\n<p><span style=\"color: #0000ff;\">Wir sind telefonisch nur eingeschr\u00e4nkt erreichbar, bitte auf den Anrufbeantworter sprechen oder eine E-Mail\/Whatsapp-Nachricht schreiben!<\/span><\/p>\n\n\n\n<p>Musikstudio f\u00fcr Kinder<\/p>\n\n\n\n<p>Inhaber Lars Th\u00f6lken<\/p>\n\n\n\n<p>Bremer Stra\u00dfe 14, 28816 Stuhr<\/p>\n\n\n\n<p><strong>Unterrichtsraum: Industriestra\u00dfe 22, Stuhr-Seckenhausen<\/strong><\/p>\n\n\n\n<p>(beim K\u00fcchenstudio parken und links am Geb\u00e4ude entlang gehen)<\/p>\n\n\n\n<p>info(at)musikstudiofuerkinder.de<\/p>\n\n\n\n<p>***<\/p>\n\n\n\n<p>Verantwortlich f\u00fcr diese Seite und Kursleiterin im Musikstudio f\u00fcr Kinder ist<\/p>\n\n\n\n<p>Kati Breuer, Bremer Stra\u00dfe 14, 28816 Stuhr<\/p>\n\n\n\n<p>mail(at)katibreuer.de<\/p>\n\n\n\n<p>0151 65474650 (Mailbox\/Whatsapp)<\/p>\n\n\n\n<h3 class=\"wp-block-heading\"><\/h3>\n\n\n\n<p class=\"has-text-align-left\"><\/p>\n","protected":false},"excerpt":{"rendered":"<p>Wir sind telefonisch nur eingeschr\u00e4nkt erreichbar, bitte auf den Anrufbeantworter sprechen oder eine E-Mail\/Whatsapp-Nachricht schreiben! Musikstudio f\u00fcr Kinder Inhaber Lars Th\u00f6lken Bremer Stra\u00dfe 14, 28816 Stuhr Unterrichtsraum: Industriestra\u00dfe 22, Stuhr-Seckenhausen (beim K\u00fcchenstudio parken und links am Geb\u00e4ude entlang gehen) info(at)musikstudiofuerkinder.de *** Verantwortlich f\u00fcr diese Seite und Kursleiterin im Musikstudio f\u00fcr Kinder ist Kati Breuer, Bremer [&hellip;]<\/p>\n","protected":false},"author":1,"featured_media":0,"parent":0,"menu_order":70,"comment_status":"closed","ping_status":"closed","template":"","meta":{"footnotes":""},"class_list":["post-12","page","type-page","status-publish","hentry","post-preview"],"_links":{"self":[{"href":"https:\/\/musikstudio-brinkum.de\/index.php?rest_route=\/wp\/v2\/pages\/12"}],"collection":[{"href":"https:\/\/musikstudio-brinkum.de\/index.php?rest_route=\/wp\/v2\/pages"}],"about":[{"href":"https:\/\/musikstudio-brinkum.de\/index.php?rest_route=\/wp\/v2\/types\/page"}],"author":[{"embeddable":true,"href":"https:\/\/musikstudio-brinkum.de\/index.php?rest_route=\/wp\/v2\/users\/1"}],"replies":[{"embeddable":true,"href":"https:\/\/musikstudio-brinkum.de\/index.php?rest_route=%2Fwp%2Fv2%2Fcomments&post=12"}],"version-history":[{"count":9,"href":"https:\/\/musikstudio-brinkum.de\/index.php?rest_route=\/wp\/v2\/pages\/12\/revisions"}],"predecessor-version":[{"id":811,"href":"https:\/\/musikstudio-brinkum.de\/index.php?rest_route=\/wp\/v2\/pages\/12\/revisions\/811"}],"wp:attachment":[{"href":"https:\/\/musikstudio-brinkum.de\/index.php?rest_route=%2Fwp%2Fv2%2Fmedia&parent=12"}],"curies":[{"name":"wp","href":"https:\/\/api.w.org\/{rel}","templated":true}]}}