{"id":153,"date":"2018-12-04T09:33:23","date_gmt":"2018-12-04T09:33:23","guid":{"rendered":"http:\/\/musikstudio-brinkum.de\/?page_id=153"},"modified":"2024-08-13T05:10:22","modified_gmt":"2024-08-13T05:10:22","slug":"das-team","status":"publish","type":"page","link":"https:\/\/musikstudio-brinkum.de\/?page_id=153","title":{"rendered":"Das Team"},"content":{"rendered":"<p><strong>Das Musikstudio-Team<\/strong><\/p>\n\n\n<div class=\"wp-block-columns is-layout-flex wp-container-core-columns-is-layout-5 wp-block-columns-is-layout-flex\">\n<div class=\"wp-block-column is-layout-flow wp-block-column-is-layout-flow\">\n<div class=\"wp-block-columns is-layout-flex wp-container-core-columns-is-layout-1 wp-block-columns-is-layout-flex\">\n<div class=\"wp-block-column is-layout-flow wp-block-column-is-layout-flow\" style=\"flex-basis:100%\">\n<div class=\"wp-block-cover is-light\" style=\"min-height:456px;aspect-ratio:unset;\"><span aria-hidden=\"true\" class=\"wp-block-cover__background has-background-dim\"><\/span><img loading=\"lazy\" decoding=\"async\" width=\"1024\" height=\"576\" class=\"wp-block-cover__image-background wp-image-591\" alt=\"\" src=\"https:\/\/musikstudio-brinkum.de\/wp-content\/uploads\/2022\/09\/DSC_7851-edited-1024x576.jpg\" style=\"object-position:34% 60%\" data-object-fit=\"cover\" data-object-position=\"34% 60%\" srcset=\"https:\/\/musikstudio-brinkum.de\/wp-content\/uploads\/2022\/09\/DSC_7851-edited-1024x576.jpg 1024w, https:\/\/musikstudio-brinkum.de\/wp-content\/uploads\/2022\/09\/DSC_7851-edited-300x169.jpg 300w, https:\/\/musikstudio-brinkum.de\/wp-content\/uploads\/2022\/09\/DSC_7851-edited-768x432.jpg 768w, https:\/\/musikstudio-brinkum.de\/wp-content\/uploads\/2022\/09\/DSC_7851-edited-1536x864.jpg 1536w, https:\/\/musikstudio-brinkum.de\/wp-content\/uploads\/2022\/09\/DSC_7851-edited-2048x1152.jpg 2048w, https:\/\/musikstudio-brinkum.de\/wp-content\/uploads\/2022\/09\/DSC_7851-edited-676x380.jpg 676w\" sizes=\"(max-width: 1024px) 100vw, 1024px\" \/><div class=\"wp-block-cover__inner-container is-layout-flow wp-block-cover-is-layout-flow\">\n<p class=\"has-large-font-size\"><\/p>\n<\/div><\/div>\n<\/div>\n<\/div>\n\n\n\n<p><strong>Lars Th\u00f6lken, Inhaber<\/strong><br>spielt Gitarre und Percussion auf Katis CDs und live, ist verantwortlich f\u00fcr akustische und E-Gitarren, Ukulele, Vocalrecording und Endmixe im Studio.<\/p>\n<\/div>\n\n\n\n<div class=\"wp-block-column is-layout-flow wp-block-column-is-layout-flow\">\n<div class=\"wp-block-columns is-layout-flex wp-container-core-columns-is-layout-3 wp-block-columns-is-layout-flex\">\n<div class=\"wp-block-column is-layout-flow wp-block-column-is-layout-flow\" style=\"flex-basis:100%\">\n<div class=\"wp-block-columns is-layout-flex wp-container-core-columns-is-layout-2 wp-block-columns-is-layout-flex\">\n<div class=\"wp-block-column is-layout-flow wp-block-column-is-layout-flow\" style=\"flex-basis:100%\">\n<div class=\"wp-block-cover is-light\"><span aria-hidden=\"true\" class=\"wp-block-cover__background has-background-dim\"><\/span><img loading=\"lazy\" decoding=\"async\" width=\"1024\" height=\"576\" class=\"wp-block-cover__image-background wp-image-476\" alt=\"\" src=\"https:\/\/musikstudio-brinkum.de\/wp-content\/uploads\/2021\/06\/2021-06-27-03.01.23-1024x576.jpg\" style=\"object-position:50% 49%\" data-object-fit=\"cover\" data-object-position=\"50% 49%\" srcset=\"https:\/\/musikstudio-brinkum.de\/wp-content\/uploads\/2021\/06\/2021-06-27-03.01.23-1024x576.jpg 1024w, https:\/\/musikstudio-brinkum.de\/wp-content\/uploads\/2021\/06\/2021-06-27-03.01.23-300x169.jpg 300w, https:\/\/musikstudio-brinkum.de\/wp-content\/uploads\/2021\/06\/2021-06-27-03.01.23-768x432.jpg 768w, https:\/\/musikstudio-brinkum.de\/wp-content\/uploads\/2021\/06\/2021-06-27-03.01.23-1536x864.jpg 1536w, https:\/\/musikstudio-brinkum.de\/wp-content\/uploads\/2021\/06\/2021-06-27-03.01.23-2048x1152.jpg 2048w, https:\/\/musikstudio-brinkum.de\/wp-content\/uploads\/2021\/06\/2021-06-27-03.01.23-676x380.jpg 676w\" sizes=\"(max-width: 1024px) 100vw, 1024px\" \/><div class=\"wp-block-cover__inner-container is-layout-flow wp-block-cover-is-layout-flow\">\n<p class=\"has-large-font-size\"><\/p>\n<\/div><\/div>\n<\/div>\n<\/div>\n<\/div>\n<\/div>\n\n\n\n<p> <strong>Kati Breuer, Leitung<\/strong><br>leitet nach eigenem Konzept die Kurse <em>Klangzwerge<\/em>, <em>Piepm\u00e4tze<\/em>, <em>Musifanten<\/em>. Kati komponiert, textet und schreibt B\u00fccher und Artikel f\u00fcr Fachzeitschriften und bildet als Referentin ErzieherInnen und Grundschullehrkr\u00e4fte fort. Sie nimmt regelm\u00e4\u00dfig CDs mit Liedern aus den Musikkursen auf. <\/p>\n<\/div>\n\n\n\n<div class=\"wp-block-column is-layout-flow wp-block-column-is-layout-flow\">\n<div class=\"wp-block-columns is-layout-flex wp-container-core-columns-is-layout-4 wp-block-columns-is-layout-flex\">\n<div class=\"wp-block-column is-layout-flow wp-block-column-is-layout-flow\" style=\"flex-basis:100%\">\n<div class=\"wp-block-cover is-light\" style=\"min-height:457px;aspect-ratio:unset;\"><span aria-hidden=\"true\" class=\"wp-block-cover__background has-background-dim\"><\/span><img loading=\"lazy\" decoding=\"async\" width=\"1024\" height=\"577\" class=\"wp-block-cover__image-background wp-image-581\" alt=\"\" src=\"https:\/\/musikstudio-brinkum.de\/wp-content\/uploads\/2022\/09\/20220901_180627-1024x577.jpg\" style=\"object-position:42% 65%\" data-object-fit=\"cover\" data-object-position=\"42% 65%\" srcset=\"https:\/\/musikstudio-brinkum.de\/wp-content\/uploads\/2022\/09\/20220901_180627-1024x577.jpg 1024w, https:\/\/musikstudio-brinkum.de\/wp-content\/uploads\/2022\/09\/20220901_180627-300x169.jpg 300w, https:\/\/musikstudio-brinkum.de\/wp-content\/uploads\/2022\/09\/20220901_180627-768x432.jpg 768w, https:\/\/musikstudio-brinkum.de\/wp-content\/uploads\/2022\/09\/20220901_180627-1536x865.jpg 1536w, https:\/\/musikstudio-brinkum.de\/wp-content\/uploads\/2022\/09\/20220901_180627-2048x1153.jpg 2048w, https:\/\/musikstudio-brinkum.de\/wp-content\/uploads\/2022\/09\/20220901_180627-676x381.jpg 676w\" sizes=\"(max-width: 1024px) 100vw, 1024px\" \/><div class=\"wp-block-cover__inner-container is-layout-flow wp-block-cover-is-layout-flow\">\n<p class=\"has-large-font-size\"><\/p>\n<\/div><\/div>\n<\/div>\n<\/div>\n\n\n\n<p><strong>Tessa Breuer, Kursleiterin<\/strong><br>leitet die Kurse <em>Musimo <\/em>und <em>YogaMotorik<\/em>.<\/p>\n\n\n\n<p>Tessa ist staatlich anerkannte Erzieherin und zertifizierte YogaMotorik\u00ae-Kursleitung. Sie wird gelegentlich als S\u00e4ngerin f\u00fcr Hochzeiten und Geburtstage gebucht.<\/p>\n<\/div>\n<\/div>\n","protected":false},"excerpt":{"rendered":"<p>Das Musikstudio-Team Lars Th\u00f6lken, Inhaberspielt Gitarre und Percussion auf Katis CDs und live, ist verantwortlich f\u00fcr akustische und E-Gitarren, Ukulele, Vocalrecording und Endmixe im Studio. Kati Breuer, Leitungleitet nach eigenem Konzept die Kurse Klangzwerge, Piepm\u00e4tze, Musifanten. Kati komponiert, textet und schreibt B\u00fccher und Artikel f\u00fcr Fachzeitschriften und bildet als Referentin ErzieherInnen und Grundschullehrkr\u00e4fte fort. Sie [&hellip;]<\/p>\n","protected":false},"author":1,"featured_media":0,"parent":0,"menu_order":41,"comment_status":"closed","ping_status":"closed","template":"","meta":{"footnotes":""},"class_list":["post-153","page","type-page","status-publish","hentry","post-preview"],"_links":{"self":[{"href":"https:\/\/musikstudio-brinkum.de\/index.php?rest_route=\/wp\/v2\/pages\/153"}],"collection":[{"href":"https:\/\/musikstudio-brinkum.de\/index.php?rest_route=\/wp\/v2\/pages"}],"about":[{"href":"https:\/\/musikstudio-brinkum.de\/index.php?rest_route=\/wp\/v2\/types\/page"}],"author":[{"embeddable":true,"href":"https:\/\/musikstudio-brinkum.de\/index.php?rest_route=\/wp\/v2\/users\/1"}],"replies":[{"embeddable":true,"href":"https:\/\/musikstudio-brinkum.de\/index.php?rest_route=%2Fwp%2Fv2%2Fcomments&post=153"}],"version-history":[{"count":53,"href":"https:\/\/musikstudio-brinkum.de\/index.php?rest_route=\/wp\/v2\/pages\/153\/revisions"}],"predecessor-version":[{"id":729,"href":"https:\/\/musikstudio-brinkum.de\/index.php?rest_route=\/wp\/v2\/pages\/153\/revisions\/729"}],"wp:attachment":[{"href":"https:\/\/musikstudio-brinkum.de\/index.php?rest_route=%2Fwp%2Fv2%2Fmedia&parent=153"}],"curies":[{"name":"wp","href":"https:\/\/api.w.org\/{rel}","templated":true}]}}