{"id":4,"date":"2018-05-23T20:18:30","date_gmt":"2018-05-23T20:18:30","guid":{"rendered":"http:\/\/musikstudio-brinkum.de\/?page_id=4"},"modified":"2026-02-27T15:11:00","modified_gmt":"2026-02-27T15:11:00","slug":"unsere-angebote","status":"publish","type":"page","link":"https:\/\/musikstudio-brinkum.de\/?page_id=4","title":{"rendered":"Unsere Angebote"},"content":{"rendered":"<p><strong>Piepm\u00e4tze<\/strong><\/p>\n<p><em>Eltern-Kind-Gruppe, 45 Minuten pro Woche<\/em><\/p>\n<p><em>\u00a0Altersgruppe 1-2 Jahre, 2-3 Jahre<\/em><\/p>\n<p>Bewegungsspiele, tanzen, Musik machen und viel Spa\u00df f\u00fcr Kinder und je eine erwachsene Begleitperson. Monatspreis 35,-<\/p>\n<p><strong>Musifanten- Musikalische Fr\u00fcherziehung\u00a0 mit Elternbegleitung<\/strong><\/p>\n<p><em>Eltern-Kind-Gruppe, 45 Minuten pro Woche\u00a0<\/em><\/p>\n<p><em>Altersgruppe: 3-4 Jahre<\/em><\/p>\n<p>Bewegungsspiele, Tanzen, Musizieren, Malen usw.\u00a0 f\u00fcr Kinder und je eine erwachsene Begleitperson. Monatspreis 35,-<\/p>\n<p><strong>Musimo- Musikalische Fr\u00fcherziehung\u00a0 ohne Elternbegleitung<\/strong><\/p>\n<p><em>f\u00fcr Kinder ab 4 Jahren, eignet sich besonders gut als Nachfolgekurs zu den Musifanten, 45 Minuten pro Woche\u00a0<\/em><\/p>\n<p>Bewegungsspiele, Tanzen Musizieren, Malen usw.\u00a0 f\u00fcr Kinder mit dem Arbeitsheft &#8222;Mein Musimo&#8220;. Monatspreis 35,-<\/p>\n<p><strong>YogaMotorik\u00ae-bewegte Entspannung\u00a0<\/strong><\/p>\n<p><em>f\u00fcr Kinder von 4-6 Jahren ohne Begleitperson, 45 Minuten pro Woche<\/em><\/p>\n<p>Bewegungsspiele, Elemente aus dem Kinderyoga, Stillebilder, Wahrnehmungs\u00fcbungen, Singen und Musizieren und vieles mehr. Monatspreis 35,-<\/p>\n<p><img loading=\"lazy\" decoding=\"async\" class=\"aligncenter wp-image-38 size-full\" src=\"https:\/\/musikstudio-brinkum.de\/wp-content\/uploads\/2018\/05\/MfK1.jpg\" alt=\"\" width=\"450\" height=\"337\" srcset=\"https:\/\/musikstudio-brinkum.de\/wp-content\/uploads\/2018\/05\/MfK1.jpg 450w, https:\/\/musikstudio-brinkum.de\/wp-content\/uploads\/2018\/05\/MfK1-300x225.jpg 300w\" sizes=\"(max-width: 450px) 100vw, 450px\" \/><\/p>\n<p class=\"western\"><span style=\"font-family: Arial, sans-serif;\"><span style=\"font-size: medium;\">\u00a0<\/span><\/span><\/p>\n\n\n<p><\/p>\n\n\n\n<p><\/p>\n","protected":false},"excerpt":{"rendered":"<p>Piepm\u00e4tze Eltern-Kind-Gruppe, 45 Minuten pro Woche \u00a0Altersgruppe 1-2 Jahre, 2-3 Jahre Bewegungsspiele, tanzen, Musik machen und viel Spa\u00df f\u00fcr Kinder und je eine erwachsene Begleitperson. Monatspreis 35,- Musifanten- Musikalische Fr\u00fcherziehung\u00a0 mit Elternbegleitung Eltern-Kind-Gruppe, 45 Minuten pro Woche\u00a0 Altersgruppe: 3-4 Jahre Bewegungsspiele, Tanzen, Musizieren, Malen usw.\u00a0 f\u00fcr Kinder und je eine erwachsene Begleitperson. Monatspreis 35,- Musimo- [&hellip;]<\/p>\n","protected":false},"author":1,"featured_media":0,"parent":0,"menu_order":20,"comment_status":"closed","ping_status":"closed","template":"","meta":{"footnotes":""},"class_list":["post-4","page","type-page","status-publish","hentry","post-preview"],"_links":{"self":[{"href":"https:\/\/musikstudio-brinkum.de\/index.php?rest_route=\/wp\/v2\/pages\/4"}],"collection":[{"href":"https:\/\/musikstudio-brinkum.de\/index.php?rest_route=\/wp\/v2\/pages"}],"about":[{"href":"https:\/\/musikstudio-brinkum.de\/index.php?rest_route=\/wp\/v2\/types\/page"}],"author":[{"embeddable":true,"href":"https:\/\/musikstudio-brinkum.de\/index.php?rest_route=\/wp\/v2\/users\/1"}],"replies":[{"embeddable":true,"href":"https:\/\/musikstudio-brinkum.de\/index.php?rest_route=%2Fwp%2Fv2%2Fcomments&post=4"}],"version-history":[{"count":64,"href":"https:\/\/musikstudio-brinkum.de\/index.php?rest_route=\/wp\/v2\/pages\/4\/revisions"}],"predecessor-version":[{"id":813,"href":"https:\/\/musikstudio-brinkum.de\/index.php?rest_route=\/wp\/v2\/pages\/4\/revisions\/813"}],"wp:attachment":[{"href":"https:\/\/musikstudio-brinkum.de\/index.php?rest_route=%2Fwp%2Fv2%2Fmedia&parent=4"}],"curies":[{"name":"wp","href":"https:\/\/api.w.org\/{rel}","templated":true}]}}